{"id":8000,"date":"2025-09-26T14:15:38","date_gmt":"2025-09-26T17:15:38","guid":{"rendered":"https:\/\/www.fortressoflouisbourg.ca\/home\/?page_id=8000"},"modified":"2025-09-26T14:59:24","modified_gmt":"2025-09-26T17:59:24","slug":"map","status":"publish","type":"page","link":"https:\/\/www.fortressoflouisbourg.ca\/home\/fr\/map\/","title":{"rendered":"Find Us On The Map"},"content":{"rendered":"<div data-elementor-type=\"wp-page\" data-elementor-id=\"8000\" class=\"elementor elementor-8000\">\n\t\t\t\t<div class=\"elementor-element elementor-element-26a2dabf e-con-full e-flex e-con e-child\" data-id=\"26a2dabf\" data-element_type=\"container\" data-e-type=\"container\" data-settings=\"{&quot;background_background&quot;:&quot;classic&quot;}\">\n\t\t<div class=\"elementor-element elementor-element-41d712c4 e-con-full e-flex e-con e-child\" data-id=\"41d712c4\" data-element_type=\"container\" data-e-type=\"container\">\n\t\t\t\t<div class=\"elementor-element elementor-element-50807b96 elementor-widget elementor-widget-heading\" data-id=\"50807b96\" data-element_type=\"widget\" data-e-type=\"widget\" data-widget_type=\"heading.default\">\n\t\t\t\t<div class=\"elementor-widget-container\">\n\t\t\t\t\t<h1 class=\"elementor-heading-title elementor-size-default\">Map<\/h1>\t\t\t\t<\/div>\n\t\t\t\t<\/div>\n\t\t\t\t<\/div>\n\t\t\t\t<\/div>\n\t\t<div class=\"elementor-element elementor-element-6de12826 e-con-full e-flex e-con e-child\" data-id=\"6de12826\" data-element_type=\"container\" data-e-type=\"container\" data-settings=\"{&quot;background_background&quot;:&quot;classic&quot;}\">\n\t\t<div class=\"elementor-element elementor-element-7d0352a1 e-con-full e-flex e-con e-child\" data-id=\"7d0352a1\" data-element_type=\"container\" data-e-type=\"container\">\n\t\t<div class=\"elementor-element elementor-element-56d797 e-con-full e-flex e-con e-child\" data-id=\"56d797\" data-element_type=\"container\" data-e-type=\"container\">\n\t\t\t\t<div class=\"elementor-element elementor-element-38fd805b elementor-widget elementor-widget-heading\" data-id=\"38fd805b\" data-element_type=\"widget\" data-e-type=\"widget\" data-widget_type=\"heading.default\">\n\t\t\t\t<div class=\"elementor-widget-container\">\n\t\t\t\t\t<h2 class=\"elementor-heading-title elementor-size-default\">Our outlets on the map\n<\/h2>\t\t\t\t<\/div>\n\t\t\t\t<\/div>\n\t\t\t\t<div class=\"elementor-element elementor-element-24f7e8e4 elementor-widget__width-initial elementor-widget-divider--view-line elementor-widget elementor-widget-divider\" data-id=\"24f7e8e4\" data-element_type=\"widget\" data-e-type=\"widget\" data-widget_type=\"divider.default\">\n\t\t\t\t<div class=\"elementor-widget-container\">\n\t\t\t\t\t\t\t<div class=\"elementor-divider\">\n\t\t\t<span class=\"elementor-divider-separator\">\n\t\t\t\t\t\t<\/span>\n\t\t<\/div>\n\t\t\t\t\t\t<\/div>\n\t\t\t\t<\/div>\n\t\t\t\t<\/div>\n\t\t<div class=\"elementor-element elementor-element-740d9243 e-flex e-con-boxed e-con e-child\" data-id=\"740d9243\" data-element_type=\"container\" data-e-type=\"container\">\n\t\t\t\t\t<div class=\"e-con-inner\">\n\t\t<div class=\"elementor-element elementor-element-609a5bba e-con-full e-flex e-con e-child\" data-id=\"609a5bba\" data-element_type=\"container\" data-e-type=\"container\">\n\t\t\t\t<div class=\"elementor-element elementor-element-50de5e86 elementor-widget elementor-widget-text-editor\" data-id=\"50de5e86\" data-element_type=\"widget\" data-e-type=\"widget\" data-widget_type=\"text-editor.default\">\n\t\t\t\t<div class=\"elementor-widget-container\">\n\t\t\t\t\t\t\t\t\t<h5 data-start=\"321\" data-end=\"371\"><strong data-start=\"328\" data-end=\"371\">\ud83d\udfe3 9. King&#8217;s Bakery<\/strong><\/h5><h5 data-start=\"321\" data-end=\"371\"><strong data-start=\"328\" data-end=\"371\">\ud83d\udfe3 28. Benoist House (Gift Shop)<\/strong><\/h5><h5 data-start=\"321\" data-end=\"371\"><strong data-start=\"328\" data-end=\"371\">\ud83d\udfe3 29. L\u2019\u00c9p\u00e9e Royale Caf\u00e9<\/strong><\/h5><h5 data-start=\"321\" data-end=\"371\"><strong data-start=\"328\" data-end=\"371\">\ud83d\udfe3 31. H\u00f4tel de la Marine<\/strong><\/h5><h5 data-start=\"321\" data-end=\"371\"><strong data-start=\"328\" data-end=\"371\">\ud83d\udfe3\u00a032. Grandchamp House<\/strong><\/h5><h5 data-start=\"321\" data-end=\"371\"><strong data-start=\"328\" data-end=\"371\">\ud83d\udfe3\u00a035. Storehouse Tavern<\/strong><\/h5>\t\t\t\t\t\t\t\t<\/div>\n\t\t\t\t<\/div>\n\t\t\t\t<\/div>\n\t\t\t\t\t<\/div>\n\t\t\t\t<\/div>\n\t\t\t\t<\/div>\n\t\t\t\t<\/div>\n\t\t<div class=\"elementor-element elementor-element-4c7304e e-flex e-con-boxed e-con e-parent\" data-id=\"4c7304e\" data-element_type=\"container\" data-e-type=\"container\">\n\t\t\t\t\t<div class=\"e-con-inner\">\n\t\t\t\t<div class=\"elementor-element elementor-element-5aa1cd5 elementor-widget elementor-widget-image\" data-id=\"5aa1cd5\" data-element_type=\"widget\" data-e-type=\"widget\" data-widget_type=\"image.default\">\n\t\t\t\t<div class=\"elementor-widget-container\">\n\t\t\t\t\t\t\t\t\t\t\t\t\t\t\t<img fetchpriority=\"high\" decoding=\"async\" width=\"1024\" height=\"790\" src=\"https:\/\/www.fortressoflouisbourg.ca\/wp-content\/uploads\/2025\/09\/Screenshot-2025-09-26-145313-1024x790.png\" class=\"attachment-large size-large wp-image-8048\" alt=\"\" srcset=\"https:\/\/www.fortressoflouisbourg.ca\/wp-content\/uploads\/2025\/09\/Screenshot-2025-09-26-145313-1024x790.png 1024w, https:\/\/www.fortressoflouisbourg.ca\/wp-content\/uploads\/2025\/09\/Screenshot-2025-09-26-145313-300x231.png 300w, https:\/\/www.fortressoflouisbourg.ca\/wp-content\/uploads\/2025\/09\/Screenshot-2025-09-26-145313-768x593.png 768w, https:\/\/www.fortressoflouisbourg.ca\/wp-content\/uploads\/2025\/09\/Screenshot-2025-09-26-145313-16x12.png 16w, https:\/\/www.fortressoflouisbourg.ca\/wp-content\/uploads\/2025\/09\/Screenshot-2025-09-26-145313-600x463.png 600w, https:\/\/www.fortressoflouisbourg.ca\/wp-content\/uploads\/2025\/09\/Screenshot-2025-09-26-145313-770x594.png 770w, https:\/\/www.fortressoflouisbourg.ca\/wp-content\/uploads\/2025\/09\/Screenshot-2025-09-26-145313-370x286.png 370w, https:\/\/www.fortressoflouisbourg.ca\/wp-content\/uploads\/2025\/09\/Screenshot-2025-09-26-145313-740x571.png 740w, https:\/\/www.fortressoflouisbourg.ca\/wp-content\/uploads\/2025\/09\/Screenshot-2025-09-26-145313.png 1108w\" sizes=\"(max-width: 1024px) 100vw, 1024px\" \/>\t\t\t\t\t\t\t\t\t\t\t\t\t\t\t<\/div>\n\t\t\t\t<\/div>\n\t\t\t\t<div class=\"elementor-element elementor-element-ab0fa58 elementor-widget elementor-widget-text-editor\" data-id=\"ab0fa58\" data-element_type=\"widget\" data-e-type=\"widget\" data-widget_type=\"text-editor.default\">\n\t\t\t\t<div class=\"elementor-widget-container\">\n\t\t\t\t\t\t\t\t\t<h3 data-start=\"1282\" data-end=\"1304\">\u00a0<\/h3><h3 data-start=\"1282\" data-end=\"1304\">\u00a0<\/h3><h3 data-start=\"1282\" data-end=\"1304\"><img decoding=\"async\" class=\"emoji\" role=\"img\" draggable=\"false\" src=\"https:\/\/s.w.org\/images\/core\/emoji\/16.0.1\/svg\/1f4e5.svg\" alt=\"\ud83d\udce5\" \/> Voir \/ T\u00e9l\u00e9charger La Carte (French)<\/h3><h3 data-start=\"321\" data-end=\"371\">\u00a0<\/h3>\t\t\t\t\t\t\t\t<\/div>\n\t\t\t\t<\/div>\n\t\t\t\t<div class=\"elementor-element elementor-element-3e4aa5f elementor-align-center elementor-widget elementor-widget-button\" data-id=\"3e4aa5f\" data-element_type=\"widget\" data-e-type=\"widget\" data-widget_type=\"button.default\">\n\t\t\t\t<div class=\"elementor-widget-container\">\n\t\t\t\t\t\t\t\t\t<div class=\"elementor-button-wrapper\">\n\t\t\t\t\t<a class=\"elementor-button elementor-button-link elementor-size-sm\" href=\"https:\/\/www.fortressoflouisbourg.ca\/wp-content\/uploads\/2025\/09\/Map-French.pdf\" target=\"_blank\" rel=\"nofollow\">\n\t\t\t\t\t\t<span class=\"elementor-button-content-wrapper\">\n\t\t\t\t\t\t\t\t\t<span class=\"elementor-button-text\">t\u00e9l\u00e9charger la carte<\/span>\n\t\t\t\t\t<\/span>\n\t\t\t\t\t<\/a>\n\t\t\t\t<\/div>\n\t\t\t\t\t\t\t\t<\/div>\n\t\t\t\t<\/div>\n\t\t\t\t<div class=\"elementor-element elementor-element-23f8860 elementor-widget elementor-widget-text-editor\" data-id=\"23f8860\" data-element_type=\"widget\" data-e-type=\"widget\" data-widget_type=\"text-editor.default\">\n\t\t\t\t<div class=\"elementor-widget-container\">\n\t\t\t\t\t\t\t\t\t<h3 data-start=\"1282\" data-end=\"1304\">\u00a0<\/h3><h3 data-start=\"1282\" data-end=\"1304\">\u00a0<\/h3><h3 data-start=\"1282\" data-end=\"1304\"><img decoding=\"async\" class=\"emoji\" role=\"img\" draggable=\"false\" src=\"https:\/\/s.w.org\/images\/core\/emoji\/16.0.1\/svg\/1f4e5.svg\" alt=\"\ud83d\udce5\" \/> View \/ Download Map (English)<\/h3><h3 data-start=\"321\" data-end=\"371\">\u00a0<\/h3>\t\t\t\t\t\t\t\t<\/div>\n\t\t\t\t<\/div>\n\t\t\t\t<div class=\"elementor-element elementor-element-6065316 elementor-align-center elementor-widget elementor-widget-button\" data-id=\"6065316\" data-element_type=\"widget\" data-e-type=\"widget\" data-widget_type=\"button.default\">\n\t\t\t\t<div class=\"elementor-widget-container\">\n\t\t\t\t\t\t\t\t\t<div class=\"elementor-button-wrapper\">\n\t\t\t\t\t<a class=\"elementor-button elementor-button-link elementor-size-sm\" href=\"https:\/\/www.fortressoflouisbourg.ca\/wp-content\/uploads\/2025\/09\/Map-English.pdf\" target=\"_blank\" rel=\"nofollow\">\n\t\t\t\t\t\t<span class=\"elementor-button-content-wrapper\">\n\t\t\t\t\t\t\t\t\t<span class=\"elementor-button-text\">Download Map<\/span>\n\t\t\t\t\t<\/span>\n\t\t\t\t\t<\/a>\n\t\t\t\t<\/div>\n\t\t\t\t\t\t\t\t<\/div>\n\t\t\t\t<\/div>\n\t\t\t\t\t<\/div>\n\t\t\t\t<\/div>\n\t\t<div class=\"elementor-element elementor-element-77f2328f e-flex e-con-boxed e-con e-parent\" data-id=\"77f2328f\" data-element_type=\"container\" data-e-type=\"container\">\n\t\t\t\t\t<div class=\"e-con-inner\">\n\t\t\t\t<div class=\"elementor-element elementor-element-6303b1ff elementor-shape-rounded elementor-grid-0 e-grid-align-center elementor-widget elementor-widget-social-icons\" data-id=\"6303b1ff\" data-element_type=\"widget\" data-e-type=\"widget\" data-widget_type=\"social-icons.default\">\n\t\t\t\t<div class=\"elementor-widget-container\">\n\t\t\t\t\t\t\t<div class=\"elementor-social-icons-wrapper elementor-grid\" role=\"list\">\n\t\t\t\t\t\t\t<span class=\"elementor-grid-item\" role=\"listitem\">\n\t\t\t\t\t<a class=\"elementor-icon elementor-social-icon elementor-social-icon-facebook elementor-repeater-item-11e0628\" href=\"https:\/\/www.facebook.com\/FortressLouisbourgAssociation\/\" target=\"_blank\">\n\t\t\t\t\t\t<span class=\"elementor-screen-only\">Facebook<\/span>\n\t\t\t\t\t\t<i aria-hidden=\"true\" class=\"fab fa-facebook\"><\/i>\t\t\t\t\t<\/a>\n\t\t\t\t<\/span>\n\t\t\t\t\t\t\t<span class=\"elementor-grid-item\" role=\"listitem\">\n\t\t\t\t\t<a class=\"elementor-icon elementor-social-icon elementor-social-icon-instagram elementor-repeater-item-0d6447f\" href=\"https:\/\/www.instagram.com\/fortresslouisbourgassociation\/\" target=\"_blank\">\n\t\t\t\t\t\t<span class=\"elementor-screen-only\">Instagram<\/span>\n\t\t\t\t\t\t<i aria-hidden=\"true\" class=\"fab fa-instagram\"><\/i>\t\t\t\t\t<\/a>\n\t\t\t\t<\/span>\n\t\t\t\t\t\t\t<span class=\"elementor-grid-item\" role=\"listitem\">\n\t\t\t\t\t<a class=\"elementor-icon elementor-social-icon elementor-social-icon-tiktok elementor-repeater-item-3562b2d\" href=\"https:\/\/www.tiktok.com\/@fortresslouisbourg?lang=en\" target=\"_blank\">\n\t\t\t\t\t\t<span class=\"elementor-screen-only\">Tiktok<\/span>\n\t\t\t\t\t\t<i aria-hidden=\"true\" class=\"fab fa-tiktok\"><\/i>\t\t\t\t\t<\/a>\n\t\t\t\t<\/span>\n\t\t\t\t\t<\/div>\n\t\t\t\t\t\t<\/div>\n\t\t\t\t<\/div>\n\t\t\t\t\t<\/div>\n\t\t\t\t<\/div>\n\t\t\t\t<\/div>","protected":false},"excerpt":{"rendered":"<p>Map Our outlets on the map \ud83d\udfe3 9. King&#8217;s Bakery \ud83d\udfe3 28. Benoist House (Gift Shop) \ud83d\udfe3 29. L\u2019\u00c9p\u00e9e Royale Caf\u00e9 \ud83d\udfe3 31. H\u00f4tel de la Marine \ud83d\udfe3\u00a032. Grandchamp House \ud83d\udfe3\u00a035. Storehouse Tavern \u00a0 \u00a0 Voir \/ T\u00e9l\u00e9charger La Carte (French) \u00a0 t\u00e9l\u00e9charger la carte \u00a0 \u00a0 View \/ Download Map (English) \u00a0 Download Map [&hellip;]<\/p>\n","protected":false},"author":579,"featured_media":0,"parent":0,"menu_order":0,"comment_status":"closed","ping_status":"closed","template":"","meta":{"site-sidebar-layout":"no-sidebar","site-content-layout":"page-builder","ast-site-content-layout":"full-width-container","site-content-style":"unboxed","site-sidebar-style":"unboxed","ast-global-header-display":"","ast-banner-title-visibility":"","ast-main-header-display":"","ast-hfb-above-header-display":"","ast-hfb-below-header-display":"","ast-hfb-mobile-header-display":"","site-post-title":"disabled","ast-breadcrumbs-content":"","ast-featured-img":"disabled","footer-sml-layout":"","ast-disable-related-posts":"","theme-transparent-header-meta":"","adv-header-id-meta":"","stick-header-meta":"","header-above-stick-meta":"","header-main-stick-meta":"","header-below-stick-meta":"","astra-migrate-meta-layouts":"set","ast-page-background-enabled":"default","ast-page-background-meta":{"desktop":{"background-color":"","background-image":"","background-repeat":"repeat","background-position":"center center","background-size":"auto","background-attachment":"scroll","background-type":"","background-media":"","overlay-type":"","overlay-color":"","overlay-opacity":"","overlay-gradient":""},"tablet":{"background-color":"","background-image":"","background-repeat":"repeat","background-position":"center center","background-size":"auto","background-attachment":"scroll","background-type":"","background-media":"","overlay-type":"","overlay-color":"","overlay-opacity":"","overlay-gradient":""},"mobile":{"background-color":"","background-image":"","background-repeat":"repeat","background-position":"center center","background-size":"auto","background-attachment":"scroll","background-type":"","background-media":"","overlay-type":"","overlay-color":"","overlay-opacity":"","overlay-gradient":""}},"ast-content-background-meta":{"desktop":{"background-color":"var(--ast-global-color-5)","background-image":"","background-repeat":"repeat","background-position":"center center","background-size":"auto","background-attachment":"scroll","background-type":"","background-media":"","overlay-type":"","overlay-color":"","overlay-opacity":"","overlay-gradient":""},"tablet":{"background-color":"var(--ast-global-color-5)","background-image":"","background-repeat":"repeat","background-position":"center center","background-size":"auto","background-attachment":"scroll","background-type":"","background-media":"","overlay-type":"","overlay-color":"","overlay-opacity":"","overlay-gradient":""},"mobile":{"background-color":"var(--ast-global-color-5)","background-image":"","background-repeat":"repeat","background-position":"center center","background-size":"auto","background-attachment":"scroll","background-type":"","background-media":"","overlay-type":"","overlay-color":"","overlay-opacity":"","overlay-gradient":""}},"footnotes":""},"class_list":["post-8000","page","type-page","status-publish","hentry"],"_links":{"self":[{"href":"https:\/\/www.fortressoflouisbourg.ca\/home\/fr\/wp-json\/wp\/v2\/pages\/8000","targetHints":{"allow":["GET"]}}],"collection":[{"href":"https:\/\/www.fortressoflouisbourg.ca\/home\/fr\/wp-json\/wp\/v2\/pages"}],"about":[{"href":"https:\/\/www.fortressoflouisbourg.ca\/home\/fr\/wp-json\/wp\/v2\/types\/page"}],"author":[{"embeddable":true,"href":"https:\/\/www.fortressoflouisbourg.ca\/home\/fr\/wp-json\/wp\/v2\/users\/579"}],"replies":[{"embeddable":true,"href":"https:\/\/www.fortressoflouisbourg.ca\/home\/fr\/wp-json\/wp\/v2\/comments?post=8000"}],"version-history":[{"count":30,"href":"https:\/\/www.fortressoflouisbourg.ca\/home\/fr\/wp-json\/wp\/v2\/pages\/8000\/revisions"}],"predecessor-version":[{"id":8056,"href":"https:\/\/www.fortressoflouisbourg.ca\/home\/fr\/wp-json\/wp\/v2\/pages\/8000\/revisions\/8056"}],"wp:attachment":[{"href":"https:\/\/www.fortressoflouisbourg.ca\/home\/fr\/wp-json\/wp\/v2\/media?parent=8000"}],"curies":[{"name":"wp","href":"https:\/\/api.w.org\/{rel}","templated":true}]}}